{"id":11,"date":"2017-02-28T16:22:22","date_gmt":"2017-02-28T15:22:22","guid":{"rendered":"http:\/\/maquette.toutfaire.fr\/wp\/WP\/?page_id=11"},"modified":"2020-11-18T15:41:21","modified_gmt":"2020-11-18T14:41:21","slug":"nos-services","status":"publish","type":"page","link":"https:\/\/bonnepart.fr\/?page_id=11","title":{"rendered":"Nos Services"},"content":{"rendered":"<table style=\"height: 766px;\" width=\"933\">\n<tbody>\n<tr>\n<td width=\"70\"><img loading=\"lazy\" decoding=\"async\" class=\"alignnone size-full wp-image-417\" src=\"http:\/\/bonnepart.fr\/wp-content\/uploads\/2017\/04\/services_accueil.gif\" alt=\"\" width=\"65\" height=\"65\" \/><img loading=\"lazy\" decoding=\"async\" class=\"alignnone size-full wp-image-417\" src=\"http:\/\/maquette.toutfaire.fr\/wp\/WP\/wp-content\/uploads\/2017\/04\/services_accueil.gif\" alt=\"\" width=\"65\" height=\"65\" \/><\/td>\n<td><b>VOUS ACCUEILLIR DU LUNDI AU SAMEDI<\/b><\/td>\n<td><i>Toute la semaine, tous les services de votre magasin TOUT FAIRE MATERIAUX sont \u00e0 votre disposition tout pr\u00e8s de chez vous. Pour les professionnels les plus exigeants, TOUT FAIRE MATERIAUX est toujours l\u00e0.<\/i><\/td>\n<\/tr>\n<tr>\n<td width=\"65\"><img loading=\"lazy\" decoding=\"async\" class=\"alignnone size-full wp-image-412\" src=\"http:\/\/bonnepart.fr\/wp-content\/uploads\/2017\/04\/services_livraisons.gif\" alt=\"\" width=\"65\" height=\"65\" \/><img loading=\"lazy\" decoding=\"async\" class=\"alignnone size-full wp-image-412\" src=\"http:\/\/maquette.toutfaire.fr\/wp\/WP\/wp-content\/uploads\/2017\/04\/services_livraisons.gif\" alt=\"\" width=\"65\" height=\"65\" \/><\/td>\n<td><b>VOUS LIVRER SUR CHANTIER<\/b><\/td>\n<td><i>Vos mat\u00e9riaux livr\u00e9s sur votre chantier avec possibilit\u00e9 de d\u00e9chargement grue par nos chauffeurs-livreurs exp\u00e9riment\u00e9s du lundi au vendredi. Nous contacter pour plus de renseignements.<\/i><\/td>\n<\/tr>\n<tr>\n<td width=\"65\">\n<p align=\"left\"><img loading=\"lazy\" decoding=\"async\" class=\"alignnone size-full wp-image-409\" src=\"http:\/\/bonnepart.fr\/wp-content\/uploads\/2017\/04\/services_conseils.gif\" alt=\"\" width=\"65\" height=\"65\" \/><img loading=\"lazy\" decoding=\"async\" class=\"alignnone size-full wp-image-409\" src=\"http:\/\/maquette.toutfaire.fr\/wp\/WP\/wp-content\/uploads\/2017\/04\/services_conseils.gif\" alt=\"\" width=\"65\" height=\"65\" \/><\/p>\n<\/td>\n<td><b>VOUS CONSEILLER ET TROUVER DES SOLUTIONS<\/b><\/td>\n<td>\n<div class=\"isoBlockPosition-none isoFloatClear-none fontFamilyStandardText fontSizeNormal fontColorStandardText \">\n<p align=\"left\"><i>Dans chacun de nos points de vente, des professionnels comp\u00e9tents connaissent parfaitement vos besoins et vos contraintes. Ils sont \u00e0 votre service pour trouver les meilleures r\u00e9ponses \u00e0 vos attentes.<\/i><\/p>\n<\/div>\n<\/td>\n<\/tr>\n<tr>\n<td width=\"65\">\n<p align=\"left\"><img loading=\"lazy\" decoding=\"async\" class=\"alignnone size-full wp-image-585\" src=\"http:\/\/bonnepart.fr\/wp-content\/uploads\/2020\/07\/services_devis.gif\" alt=\"\" width=\"65\" height=\"65\" \/><img loading=\"lazy\" decoding=\"async\" class=\"alignnone size-full wp-image-410\" src=\"http:\/\/maquette.toutfaire.fr\/wp\/WP\/wp-content\/uploads\/2017\/04\/services_decoupe.gif\" alt=\"\" width=\"65\" height=\"65\" \/><\/p>\n<\/td>\n<td><b>VOUS R\u00c9ALISER DES DEVIS ET \u00c9TUDES PERSONNALIS\u00c9S<\/b><\/td>\n<td>\n<p align=\"left\"><i>Devis gratuit<\/i><\/p>\n<\/td>\n<\/tr>\n<tr>\n<td width=\"65\">\n<p align=\"left\"><img loading=\"lazy\" decoding=\"async\" class=\"alignnone size-full wp-image-414\" src=\"http:\/\/bonnepart.fr\/wp-content\/uploads\/2017\/04\/services_qualite.gif\" alt=\"\" width=\"65\" height=\"65\" \/><img loading=\"lazy\" decoding=\"async\" class=\"alignnone size-full wp-image-414\" src=\"http:\/\/maquette.toutfaire.fr\/wp\/WP\/wp-content\/uploads\/2017\/04\/services_qualite.gif\" alt=\"\" width=\"65\" height=\"65\" \/><\/p>\n<\/td>\n<td><b>VOUS PROPOSER LE MEILLEUR DE LA QUALIT\u00c9 AU MEILLEUR PRIX<\/b><\/td>\n<td>\n<p align=\"left\"><i>Vos besoins, vos attentes, vos imp\u00e9ratifs sont uniques. TOUT FAIRE MATERIAUX les comprend et apporte la r\u00e9ponse qui vous correspond. Des professionnels \u00e0 votre \u00e9coute, dans tous les magasins TOUT FAIRE MATERIAUX.<\/i><\/p>\n<p align=\"left\">Certifications, agr\u00e9ments, labels : Normes CE et Normes NF.<\/p>\n<\/td>\n<\/tr>\n<tr>\n<td width=\"65\"><\/td>\n<td><\/td>\n<td><\/td>\n<\/tr>\n<\/tbody>\n<\/table>\n","protected":false},"excerpt":{"rendered":"<p>VOUS ACCUEILLIR DU LUNDI AU SAMEDI Toute la semaine, tous les services de votre magasin TOUT FAIRE MATERIAUX sont \u00e0 votre disposition tout pr\u00e8s de chez vous. Pour les professionnels les plus exigeants, TOUT FAIRE MATERIAUX est toujours l\u00e0. VOUS LIVRER SUR CHANTIER Vos mat\u00e9riaux livr\u00e9s sur votre chantier avec possibilit\u00e9 de d\u00e9chargement grue par [&hellip;]<\/p>\n","protected":false},"author":1,"featured_media":0,"parent":0,"menu_order":0,"comment_status":"closed","ping_status":"closed","template":"","meta":{"footnotes":""},"class_list":["post-11","page","type-page","status-publish","hentry"],"_links":{"self":[{"href":"https:\/\/bonnepart.fr\/index.php?rest_route=\/wp\/v2\/pages\/11"}],"collection":[{"href":"https:\/\/bonnepart.fr\/index.php?rest_route=\/wp\/v2\/pages"}],"about":[{"href":"https:\/\/bonnepart.fr\/index.php?rest_route=\/wp\/v2\/types\/page"}],"author":[{"embeddable":true,"href":"https:\/\/bonnepart.fr\/index.php?rest_route=\/wp\/v2\/users\/1"}],"replies":[{"embeddable":true,"href":"https:\/\/bonnepart.fr\/index.php?rest_route=%2Fwp%2Fv2%2Fcomments&post=11"}],"version-history":[{"count":24,"href":"https:\/\/bonnepart.fr\/index.php?rest_route=\/wp\/v2\/pages\/11\/revisions"}],"predecessor-version":[{"id":627,"href":"https:\/\/bonnepart.fr\/index.php?rest_route=\/wp\/v2\/pages\/11\/revisions\/627"}],"wp:attachment":[{"href":"https:\/\/bonnepart.fr\/index.php?rest_route=%2Fwp%2Fv2%2Fmedia&parent=11"}],"curies":[{"name":"wp","href":"https:\/\/api.w.org\/{rel}","templated":true}]}}