{"id":441,"date":"2017-06-15T16:57:53","date_gmt":"2017-06-15T14:57:53","guid":{"rendered":"http:\/\/maquette.toutfaire.fr\/wp\/WP\/?page_id=441"},"modified":"2020-07-10T11:34:58","modified_gmt":"2020-07-10T09:34:58","slug":"horaires-douverture","status":"publish","type":"page","link":"https:\/\/bonnepart.fr\/?page_id=441","title":{"rendered":"Horaires d&rsquo;ouverture"},"content":{"rendered":"<h2>HORAIRES D\u2019OUVERTURE<\/h2>\n<p><strong>BONNEPART Mat\u00e9riaux<\/strong><br \/>\n<strong>Z.I. la Ponchonni\u00e8re<\/strong><br \/>\n<strong>69 210 SAVIGNY (France)<\/strong><\/p>\n<p><b>T\u00e9l. :<\/b>\u00a004.74.01.11.15<br \/>\n<b>Fax :<\/b> 04.74.26.71.63<\/p>\n<p><u>Du 1er mars au 31 octobre :<\/u><\/p>\n<p><strong>Ouvert du lundi au vendredi<\/strong> : de 7h00 \u00e0 11h45 et de 13h30 \u00e0 18h00,\u00a0 le samedi : de 8h00 \u00e0 11h45<br \/>\nFermeture le samedi apr\u00e8s-midi et le dimanche toute la journ\u00e9e.<\/p>\n<p><u>Du 1er novembre au 28 f\u00e9vrier :<\/u><\/p>\n<p><strong>Ouvert du lundi au vendredi<\/strong> : de 7h00 \u00e0 11h45 et de 13h30 \u00e0 18h00,\u00a0 le samedi : de 8h00 \u00e0 11h45<br \/>\nFermeture le samedi apr\u00e8s-midi et le dimanche toute la journ\u00e9e.<\/p>\n","protected":false},"excerpt":{"rendered":"<p>HORAIRES D\u2019OUVERTURE BONNEPART Mat\u00e9riaux Z.I. la Ponchonni\u00e8re 69 210 SAVIGNY (France) T\u00e9l. :\u00a004.74.01.11.15 Fax : 04.74.26.71.63 Du 1er mars au 31 octobre : Ouvert du lundi au vendredi : de 7h00 \u00e0 11h45 et de 13h30 \u00e0 18h00,\u00a0 le samedi : de 8h00 \u00e0 11h45 Fermeture le samedi apr\u00e8s-midi et le dimanche toute la journ\u00e9e. [&hellip;]<\/p>\n","protected":false},"author":1,"featured_media":0,"parent":448,"menu_order":0,"comment_status":"closed","ping_status":"closed","template":"","meta":{"footnotes":""},"class_list":["post-441","page","type-page","status-publish","hentry"],"_links":{"self":[{"href":"https:\/\/bonnepart.fr\/index.php?rest_route=\/wp\/v2\/pages\/441"}],"collection":[{"href":"https:\/\/bonnepart.fr\/index.php?rest_route=\/wp\/v2\/pages"}],"about":[{"href":"https:\/\/bonnepart.fr\/index.php?rest_route=\/wp\/v2\/types\/page"}],"author":[{"embeddable":true,"href":"https:\/\/bonnepart.fr\/index.php?rest_route=\/wp\/v2\/users\/1"}],"replies":[{"embeddable":true,"href":"https:\/\/bonnepart.fr\/index.php?rest_route=%2Fwp%2Fv2%2Fcomments&post=441"}],"version-history":[{"count":5,"href":"https:\/\/bonnepart.fr\/index.php?rest_route=\/wp\/v2\/pages\/441\/revisions"}],"predecessor-version":[{"id":578,"href":"https:\/\/bonnepart.fr\/index.php?rest_route=\/wp\/v2\/pages\/441\/revisions\/578"}],"up":[{"embeddable":true,"href":"https:\/\/bonnepart.fr\/index.php?rest_route=\/wp\/v2\/pages\/448"}],"wp:attachment":[{"href":"https:\/\/bonnepart.fr\/index.php?rest_route=%2Fwp%2Fv2%2Fmedia&parent=441"}],"curies":[{"name":"wp","href":"https:\/\/api.w.org\/{rel}","templated":true}]}}