{"id":469,"date":"2017-10-03T08:50:15","date_gmt":"2017-10-03T06:50:15","guid":{"rendered":"http:\/\/maquette.toutfaire.fr\/wp\/WP\/?page_id=469"},"modified":"2017-10-03T08:51:07","modified_gmt":"2017-10-03T06:51:07","slug":"notre-equipe","status":"publish","type":"page","link":"https:\/\/bonnepart.fr\/?page_id=469","title":{"rendered":"Notre \u00c9quipe"},"content":{"rendered":"<h1>Notre \u00c9quipe<\/h1>\n<p>PAUL &#8211; Comptabilit\u00e9<br \/>\nDAVID &#8211; Commercial<br \/>\nLAURENCE &#8211; Secr\u00e9tariat<br \/>\nLAURENT &#8211; Chauffeur\/Livreur<br \/>\nEUGENE &#8211; Menuisier\/Magasinier<\/p>\n<p><img loading=\"lazy\" decoding=\"async\" class=\"alignnone size-medium wp-image-470\" src=\"http:\/\/maquette.toutfaire.fr\/wp\/WP\/wp-content\/uploads\/2017\/10\/nouvobois_accueil_500x0-300x225.jpg\" alt=\"\" width=\"300\" height=\"225\" srcset=\"https:\/\/bonnepart.fr\/wp-content\/uploads\/2017\/10\/nouvobois_accueil_500x0-300x225.jpg 300w, https:\/\/bonnepart.fr\/wp-content\/uploads\/2017\/10\/nouvobois_accueil_500x0.jpg 500w\" sizes=\"(max-width: 300px) 100vw, 300px\" \/><\/p>\n","protected":false},"excerpt":{"rendered":"<p>Notre \u00c9quipe PAUL &#8211; Comptabilit\u00e9 DAVID &#8211; Commercial LAURENCE &#8211; Secr\u00e9tariat LAURENT &#8211; Chauffeur\/Livreur EUGENE &#8211; Menuisier\/Magasinier<\/p>\n","protected":false},"author":1,"featured_media":0,"parent":448,"menu_order":0,"comment_status":"closed","ping_status":"closed","template":"","meta":{"footnotes":""},"class_list":["post-469","page","type-page","status-publish","hentry"],"_links":{"self":[{"href":"https:\/\/bonnepart.fr\/index.php?rest_route=\/wp\/v2\/pages\/469"}],"collection":[{"href":"https:\/\/bonnepart.fr\/index.php?rest_route=\/wp\/v2\/pages"}],"about":[{"href":"https:\/\/bonnepart.fr\/index.php?rest_route=\/wp\/v2\/types\/page"}],"author":[{"embeddable":true,"href":"https:\/\/bonnepart.fr\/index.php?rest_route=\/wp\/v2\/users\/1"}],"replies":[{"embeddable":true,"href":"https:\/\/bonnepart.fr\/index.php?rest_route=%2Fwp%2Fv2%2Fcomments&post=469"}],"version-history":[{"count":2,"href":"https:\/\/bonnepart.fr\/index.php?rest_route=\/wp\/v2\/pages\/469\/revisions"}],"predecessor-version":[{"id":472,"href":"https:\/\/bonnepart.fr\/index.php?rest_route=\/wp\/v2\/pages\/469\/revisions\/472"}],"up":[{"embeddable":true,"href":"https:\/\/bonnepart.fr\/index.php?rest_route=\/wp\/v2\/pages\/448"}],"wp:attachment":[{"href":"https:\/\/bonnepart.fr\/index.php?rest_route=%2Fwp%2Fv2%2Fmedia&parent=469"}],"curies":[{"name":"wp","href":"https:\/\/api.w.org\/{rel}","templated":true}]}}