{"id":60,"date":"2017-03-09T12:00:46","date_gmt":"2017-03-09T11:00:46","guid":{"rendered":"http:\/\/maquette.toutfaire.fr\/wp\/WP\/?page_id=60"},"modified":"2021-12-28T17:41:32","modified_gmt":"2021-12-28T16:41:32","slug":"accueil","status":"publish","type":"page","link":"https:\/\/bonnepart.fr\/","title":{"rendered":"Accueil"},"content":{"rendered":"\n<h3 style=\"text-align: center;\"><strong>D\u00e9couvrez nos catalogues en ligne<\/strong><\/h3>\n<div id='gallery-2' class='gallery galleryid-60 gallery-columns-3 gallery-size-full'><figure class='gallery-item'>\n\t\t\t<div class='gallery-icon portrait'>\n\t\t\t\t<a href=\"https:\/\/www.toutfaire.fr\/media\/catalogue-materiaux\/index.html#page\/1\" target=\"_blank\" class=\"set-target no-lightbox\"><img loading=\"lazy\" decoding=\"async\" width=\"465\" height=\"637\" src=\"https:\/\/bonnepart.fr\/wp-content\/uploads\/2020\/09\/mat\u00e9riaux.jpg\" class=\"attachment-full size-full\" alt=\"\" aria-describedby=\"gallery-2-614\" srcset=\"https:\/\/bonnepart.fr\/wp-content\/uploads\/2020\/09\/mat\u00e9riaux.jpg 465w, https:\/\/bonnepart.fr\/wp-content\/uploads\/2020\/09\/mat\u00e9riaux-219x300.jpg 219w\" sizes=\"(max-width: 465px) 100vw, 465px\" \/><\/a>\n\t\t\t<\/div>\n\t\t\t\t<figcaption class='wp-caption-text gallery-caption' id='gallery-2-614'>\n\t\t\t\tConsulter le Catalogue Sp\u00e9cial Mat\u00e9riaux\n\t\t\t\t<\/figcaption><\/figure><figure class='gallery-item'>\n\t\t\t<div class='gallery-icon portrait'>\n\t\t\t\t<a href=\"https:\/\/www.toutfaire.fr\/media\/catalogue-menuiserie\/index.html#page\/1\" target=\"_blank\" class=\"set-target no-lightbox\"><img loading=\"lazy\" decoding=\"async\" width=\"465\" height=\"637\" src=\"https:\/\/bonnepart.fr\/wp-content\/uploads\/2021\/12\/1.jpg\" class=\"attachment-full size-full\" alt=\"\" aria-describedby=\"gallery-2-646\" srcset=\"https:\/\/bonnepart.fr\/wp-content\/uploads\/2021\/12\/1.jpg 465w, https:\/\/bonnepart.fr\/wp-content\/uploads\/2021\/12\/1-219x300.jpg 219w\" sizes=\"(max-width: 465px) 100vw, 465px\" \/><\/a>\n\t\t\t<\/div>\n\t\t\t\t<figcaption class='wp-caption-text gallery-caption' id='gallery-2-646'>\n\t\t\t\tConsulter le Catalogue Sp\u00e9cial Menuiserie\n\t\t\t\t<\/figcaption><\/figure><figure class='gallery-item'>\n\t\t\t<div class='gallery-icon portrait'>\n\t\t\t\t<a href=\"https:\/\/www.toutfaire.fr\/media\/catalogue-carrelage\/index.html#page\/1\" target=\"_blank\" class=\"set-target no-lightbox\"><img loading=\"lazy\" decoding=\"async\" width=\"465\" height=\"637\" src=\"https:\/\/bonnepart.fr\/wp-content\/uploads\/2021\/12\/2.jpg\" class=\"attachment-full size-full\" alt=\"\" aria-describedby=\"gallery-2-649\" srcset=\"https:\/\/bonnepart.fr\/wp-content\/uploads\/2021\/12\/2.jpg 465w, https:\/\/bonnepart.fr\/wp-content\/uploads\/2021\/12\/2-219x300.jpg 219w\" sizes=\"(max-width: 465px) 100vw, 465px\" \/><\/a>\n\t\t\t<\/div>\n\t\t\t\t<figcaption class='wp-caption-text gallery-caption' id='gallery-2-649'>\n\t\t\t\tConsulter le Catalogue Sp\u00e9cial Carrelage\n\t\t\t\t<\/figcaption><\/figure>\n\t\t<\/div>\n\n<div class=\"aligncenter wp-image-232\" style=\"max-width: 800px;\">\n<figure><a href=\"http:\/\/www.stocknational.toutfaire.com\/\" target=\"_blank\" rel=\"noopener noreferrer\"><img loading=\"lazy\" decoding=\"async\" class=\"aligncenter wp-image-232\" src=\".\/wp-content\/uploads\/2017\/03\/stock-national.png\" alt=\"\" width=\"800\" height=\"257\" srcset=\"https:\/\/bonnepart.fr\/wp-content\/uploads\/2017\/03\/stock-national.png 1000w, https:\/\/bonnepart.fr\/wp-content\/uploads\/2017\/03\/stock-national-300x96.png 300w, https:\/\/bonnepart.fr\/wp-content\/uploads\/2017\/03\/stock-national-768x247.png 768w\" sizes=\"(max-width: 800px) 100vw, 800px\" \/><\/a>\n<figcaption style=\"text-align: center;\">Consulter le site du Stock National TOUT FAIRE<\/figcaption>\n<\/figure>\n<\/div>\n<div class=\"content\">\n<div>\n<h3>\u00a0<\/h3>\n<h3>Tout Faire mat\u00e9riaux : mat\u00e9riaux de Construction, R\u00e9novation au meilleur rapport qualit\u00e9 \/ prix<\/h3>\n<h4>Sp\u00e9cialiste des mat\u00e9riaux de Construction, R\u00e9novation<\/h4>\n<p><strong>Tout Faire mat\u00e9riaux<\/strong>, sp\u00e9cialiste des <strong>mat\u00e9riaux de construction, r\u00e9novation<\/strong>, est le premier r\u00e9seau de n\u00e9goces ind\u00e9pendants en mat\u00e9riel et outillage de construction, r\u00e9novation avec pr\u00e8s de 450 points de vente partout en France. Tout Faire mat\u00e9riaux met toute son expertise et son savoir-faire au service de vos projets et travaux de construction. Profitez de la puissance d&rsquo;achat de professionnels qui n\u00e9gocient avec les plus grandes marques pour ne vous proposer que le meilleur de la qualit\u00e9, aux meilleurs prix. Tout Faire Mat\u00e9riaux, c&rsquo;est du mat\u00e9riel pro pour les professionnels du b\u00e2timent et les particuliers.<\/p>\n<h4>Mat\u00e9riaux de construction et outillage<\/h4>\n<p><strong>Tout Faire mat\u00e9riaux<\/strong>, C&rsquo;est tout le mat\u00e9riel pour construire, r\u00e9nover une maison, am\u00e9nager une pi\u00e8ce, poser une terrasse ou transformer une salle de bain. Pour tous vos chantiers de construction, r\u00e9novation, vous trouverez ici une s\u00e9lection de produits professionnels au meilleur prix. Parce qu&rsquo;un produit ou un mat\u00e9riel non-adapt\u00e9 peut vous co\u00fbter tr\u00e8s cher en construction, Tout Faire mat\u00e9riaux ne fait aucun compromis sur la qualit\u00e9 de ses produits. Nous nous engageons chaque jour \u00e0 vous offrir les mat\u00e9riaux et outils de la meilleur qualit\u00e9 pour vos travaux de construction. Et pour vous accompagner dans tous vos projets, nos \u00e9quipes s&rsquo;attachent \u00e0 vous apporter des conseils de professionnels du b\u00e2timent et de la construction et vous faire profiter de notre expertise<\/p>\n<\/div>\n<\/div>\n\n\n<div class=\"wp-block-columns is-layout-flex wp-container-core-columns-is-layout-1 wp-block-columns-is-layout-flex\">\n<div class=\"wp-block-column is-layout-flow wp-block-column-is-layout-flow\" style=\"flex-basis:10%\"><\/div>\n\n\n\n<div class=\"wp-block-column is-layout-flow wp-block-column-is-layout-flow\">\n<figure class=\"wp-block-embed-youtube wp-block-embed is-type-video is-provider-youtube wp-embed-aspect-16-9 wp-has-aspect-ratio\"><div class=\"wp-block-embed__wrapper\">\n<iframe loading=\"lazy\" title=\"BESTOFF IMAGES ENTREPRISE ETS Bonnepart\" width=\"980\" height=\"551\" src=\"https:\/\/www.youtube.com\/embed\/BeUPqLbGcUI?feature=oembed\" frameborder=\"0\" allow=\"accelerometer; autoplay; clipboard-write; encrypted-media; gyroscope; picture-in-picture\" allowfullscreen><\/iframe>\n<\/div><\/figure>\n<\/div>\n\n\n\n<div class=\"wp-block-column is-layout-flow wp-block-column-is-layout-flow\" style=\"flex-basis:10%\"><\/div>\n<\/div>\n\n\n\n<div class=\"wp-block-columns is-layout-flex wp-container-core-columns-is-layout-2 wp-block-columns-is-layout-flex\">\n<div class=\"wp-block-column is-layout-flow wp-block-column-is-layout-flow\" style=\"flex-basis:66.66%\">\n<figure><iframe loading=\"lazy\" src=\"https:\/\/www.google.com\/maps\/d\/embed?mid=1netn6xW1PlrqMDcfRwhqqBNC1mUyQlxJ\" width=\"640\" height=\"480\"><\/iframe><\/figure>\n<\/div>\n\n\n\n<div class=\"wp-block-column is-layout-flow wp-block-column-is-layout-flow\" style=\"flex-basis:33.33%\">\n<p class=\"has-text-align-left\"><strong>BONNEPART MATERIAUX :<\/strong><\/p>\n\n\n\n<p class=\"has-text-align-left\">624 route du Bois du Maine<br>69210 SAVIGNY (France)<strong><br>T\u00e9l. : <\/strong>04.74.01.11.15<strong><br>Fax : <\/strong>04.74.26.71.63<\/p>\n\n\n\n<p><strong>HORAIRES D&rsquo;OUVERTURE du 1er Mars au 31 Octobre :<\/strong><br>du lundi au vendredi : de 7h00 \u00e0 11h45 et de 13h30 \u00e0 18h00<strong><br><\/strong>le samedi : de 8h00 \u00e0 11h45<strong><br><\/strong>Fermeture le samedi apr\u00e8s-midi et le dimanche toute la journ\u00e9e<\/p>\n\n\n\n<p><strong>HORAIRES D&rsquo;OUVERTURE du 1er Novembre au 28 F\u00e9vrier :<\/strong><br>du lundi au vendredi : de 7h30 \u00e0 11h45 et de 13h30 \u00e0 17h45<strong><br><\/strong>le samedi : de 8h00 \u00e0 11h45<strong><br><\/strong>Fermeture le samedi apr\u00e8s-midi et le dimanche toute la journ\u00e9e<\/p>\n<\/div>\n<\/div>\n","protected":false},"excerpt":{"rendered":"<p>D\u00e9couvrez nos catalogues en ligne Consulter le site du Stock National TOUT FAIRE \u00a0 Tout Faire mat\u00e9riaux : mat\u00e9riaux de Construction, R\u00e9novation au meilleur rapport qualit\u00e9 \/ prix Sp\u00e9cialiste des mat\u00e9riaux de Construction, R\u00e9novation Tout Faire mat\u00e9riaux, sp\u00e9cialiste des mat\u00e9riaux de construction, r\u00e9novation, est le premier r\u00e9seau de n\u00e9goces ind\u00e9pendants en mat\u00e9riel et outillage de [&hellip;]<\/p>\n","protected":false},"author":1,"featured_media":0,"parent":0,"menu_order":0,"comment_status":"closed","ping_status":"closed","template":"","meta":{"footnotes":""},"class_list":["post-60","page","type-page","status-publish","hentry"],"_links":{"self":[{"href":"https:\/\/bonnepart.fr\/index.php?rest_route=\/wp\/v2\/pages\/60"}],"collection":[{"href":"https:\/\/bonnepart.fr\/index.php?rest_route=\/wp\/v2\/pages"}],"about":[{"href":"https:\/\/bonnepart.fr\/index.php?rest_route=\/wp\/v2\/types\/page"}],"author":[{"embeddable":true,"href":"https:\/\/bonnepart.fr\/index.php?rest_route=\/wp\/v2\/users\/1"}],"replies":[{"embeddable":true,"href":"https:\/\/bonnepart.fr\/index.php?rest_route=%2Fwp%2Fv2%2Fcomments&post=60"}],"version-history":[{"count":75,"href":"https:\/\/bonnepart.fr\/index.php?rest_route=\/wp\/v2\/pages\/60\/revisions"}],"predecessor-version":[{"id":650,"href":"https:\/\/bonnepart.fr\/index.php?rest_route=\/wp\/v2\/pages\/60\/revisions\/650"}],"wp:attachment":[{"href":"https:\/\/bonnepart.fr\/index.php?rest_route=%2Fwp%2Fv2%2Fmedia&parent=60"}],"curies":[{"name":"wp","href":"https:\/\/api.w.org\/{rel}","templated":true}]}}